{"id":920,"date":"2025-03-23T16:35:28","date_gmt":"2025-03-23T16:35:28","guid":{"rendered":"https:\/\/musikprojektsachsen.de\/?page_id=920"},"modified":"2025-09-15T16:49:48","modified_gmt":"2025-09-15T16:49:48","slug":"die-andere-landschaft","status":"publish","type":"page","link":"https:\/\/musikprojektsachsen.de\/?page_id=920","title":{"rendered":"&#8222;Die andere Landschaft&#8220; &#8211; Neue Musik und neue Lyrik 2025"},"content":{"rendered":"\n<div class=\"wp-block-columns is-layout-flex wp-container-core-columns-layout-1 wp-block-columns-is-layout-flex\">\n<div class=\"wp-block-column is-layout-flow wp-block-column-is-layout-flow\">\n<figure class=\"wp-block-image size-large\"><a href=\"https:\/\/musikprojektsachsen.de\/wp-content\/uploads\/2025\/03\/Petersdorff.png\"><img loading=\"lazy\" decoding=\"async\" width=\"1024\" height=\"871\" src=\"https:\/\/musikprojektsachsen.de\/wp-content\/uploads\/2025\/03\/Petersdorff-1024x871.png\" alt=\"\" class=\"wp-image-917\" srcset=\"https:\/\/musikprojektsachsen.de\/wp-content\/uploads\/2025\/03\/Petersdorff-1024x871.png 1024w, https:\/\/musikprojektsachsen.de\/wp-content\/uploads\/2025\/03\/Petersdorff-300x255.png 300w, https:\/\/musikprojektsachsen.de\/wp-content\/uploads\/2025\/03\/Petersdorff-768x654.png 768w, https:\/\/musikprojektsachsen.de\/wp-content\/uploads\/2025\/03\/Petersdorff.png 1128w\" sizes=\"(max-width: 1024px) 100vw, 1024px\" \/><\/a><\/figure>\n<\/div>\n\n\n\n<div class=\"wp-block-column is-layout-flow wp-block-column-is-layout-flow\">\n<p>Gudrun Petersdorff:&nbsp;Opoul-P\u00e9rillos, Languedoc-Roussillon, Frankreich<strong>,&nbsp;<\/strong>2008<\/p>\n\n\n\n<p>55 x 65cm, \u00d6l auf Leinwand <\/p>\n\n\n\n<p>Foto Christoph Sandig<\/p>\n<\/div>\n<\/div>\n\n\n\n<p>Kooperationsprojekt mit dem S\u00e4chsischen Literaturrat e. V. und den St\u00e4dtischen Bibliotheken Leipzig, Dresden und Chemnitz.<\/p>\n\n\n\n<h2 class=\"wp-block-heading\">Programm<\/h2>\n\n\n\n<p>Christian FP Kram: Drei Lieder nach Gedichten von Andreas Altmann (2025) f\u00fcr Sopran, Violine und Klarinette<\/p>\n\n\n\n<p>Jonas Otte: Der Morgen graut zuerst (2025) Trio f\u00fcr Sopran, Violine und Bassklarinette nach dem gleichnamigen Gedicht von Volker Sielaff<\/p>\n\n\n\n<p>Karoline Schulz: Ich muss mein Herz \u00fcben (2025) Komposition zu Texten von Angela Krau\u00df f\u00fcr Sopran, Violine und Klarinette<\/p>\n\n\n\n<p>Steffen Reinhold: Vier <strong><a href=\"https:\/\/steffenreinhold.de\/komposition\/die-andere-landschaft\/\">Lieder <\/a><\/strong>(2021\/2025) f\u00fcr Sopran, Violine und Klarinette, nach Texten von Bernd Jentzsch, Bettine Reichelt, Reiner Kunze und Jan Kuhlbrodt<\/p>\n\n\n\n<p>Sarah Koll\u00e9 \u00ad\u2013 Sopran, Emily Yabe \u2013 Violine, Albrecht Scharnweber \u2013 Klarinette, Moderation: Bettina Baltschev<\/p>\n\n\n\n<h2 class=\"wp-block-heading\">Veranstaltungen:<\/h2>\n\n\n\n<p><strong>19.5.25 Veranstaltungssaal der Stadtbibliothek Chemnitz<\/strong><\/p>\n\n\n\n<p>es lasen: Angela Krau\u00df, Carl-Christian Elze, Hans Brinkmann<\/p>\n\n\n\n<p><strong>20.5.25 Oberlichtsaal der Stadtbibliothek Leipzig<\/strong><\/p>\n\n\n\n<p>es lasen: Jan Kuhlbrodt, Anna Zepnick, Patrick Wilden<\/p>\n\n\n\n<p><strong>22.5.25 Zentralbibliothek im Kulturpalast Dresden, Veranstaltungsraum<\/strong><\/p>\n\n\n\n<p>es lasen: Janin W\u00f6lke, Marit Heu\u00df, Volker Sielaff<\/p>\n\n\n\n<p><strong><a href=\"https:\/\/musikprojektsachsen.de\/wp-content\/uploads\/2025\/09\/Programmheft_Landschaft.pdf\">Programm<\/a><\/strong><\/p>\n\n\n\n<p>Der Titel \u201eDie andere Landschaft\u201c greift ein gleichnamiges Gedicht von Andreas Reimann auf, in dem er eine friedvolle Zukunft beschreibt: \u201eDie h\u00e4user sind dort wie f\u00fcr menschen gebaut, \/ wo jeder den anderen kennt. \u2026 Dort f\u00fcll ich fast furchtlos mein glas. \/ Ach, freunde, dort fr\u00e4\u00dfe ich gras.\u201c<\/p>\n\n\n\n<p>Diese \u201eandere Landschaft\u201c kann und soll ein Ort f\u00fcr Visionen, f\u00fcr alternative Perspektiven sein, die derzeit wieder stark gefragt sind. Aber auch ein Ort, an dem man sich ausruht, um neue Kraft zu tanken. Ein Ort, an dem Gewissheiten in Frage gestellt und Altbew\u00e4hrtes neu gedacht wird. Ein Ort der Hoffnung und Lebenslust.<\/p>\n\n\n\n<h2 class=\"wp-block-heading\">Gef\u00f6rdert durch: <\/h2>\n\n\n\n<p>Kulturamt der Stadt Leipzig, Kulturstiftung des Freistaates Sachsen, Leipzigstiftung, Deutscher Komponistenverband, St\u00e4dtische Bibliotheken Leipzig und Dresden<\/p>\n","protected":false},"excerpt":{"rendered":"<p>Gudrun Petersdorff:&nbsp;Opoul-P\u00e9rillos, Languedoc-Roussillon, Frankreich,&nbsp;2008 55 x 65cm, \u00d6l auf Leinwand Foto Christoph Sandig Kooperationsprojekt mit dem S\u00e4chsischen Literaturrat e. V. und den St\u00e4dtischen Bibliotheken Leipzig, Dresden und Chemnitz. Programm Christian FP Kram: Drei Lieder nach Gedichten von Andreas Altmann (2025) f\u00fcr Sopran, Violine und Klarinette Jonas Otte: Der Morgen graut zuerst (2025) Trio f\u00fcr Sopran, [&hellip;]<\/p>\n","protected":false},"author":1,"featured_media":0,"parent":658,"menu_order":0,"comment_status":"closed","ping_status":"closed","template":"","meta":{"footnotes":""},"_links":{"self":[{"href":"https:\/\/musikprojektsachsen.de\/index.php?rest_route=\/wp\/v2\/pages\/920"}],"collection":[{"href":"https:\/\/musikprojektsachsen.de\/index.php?rest_route=\/wp\/v2\/pages"}],"about":[{"href":"https:\/\/musikprojektsachsen.de\/index.php?rest_route=\/wp\/v2\/types\/page"}],"author":[{"embeddable":true,"href":"https:\/\/musikprojektsachsen.de\/index.php?rest_route=\/wp\/v2\/users\/1"}],"replies":[{"embeddable":true,"href":"https:\/\/musikprojektsachsen.de\/index.php?rest_route=%2Fwp%2Fv2%2Fcomments&post=920"}],"version-history":[{"count":15,"href":"https:\/\/musikprojektsachsen.de\/index.php?rest_route=\/wp\/v2\/pages\/920\/revisions"}],"predecessor-version":[{"id":950,"href":"https:\/\/musikprojektsachsen.de\/index.php?rest_route=\/wp\/v2\/pages\/920\/revisions\/950"}],"up":[{"embeddable":true,"href":"https:\/\/musikprojektsachsen.de\/index.php?rest_route=\/wp\/v2\/pages\/658"}],"wp:attachment":[{"href":"https:\/\/musikprojektsachsen.de\/index.php?rest_route=%2Fwp%2Fv2%2Fmedia&parent=920"}],"curies":[{"name":"wp","href":"https:\/\/api.w.org\/{rel}","templated":true}]}}