{"id":831,"date":"2024-10-13T10:52:46","date_gmt":"2024-10-13T10:52:46","guid":{"rendered":"https:\/\/musikprojektsachsen.de\/?page_id=831"},"modified":"2024-10-13T10:52:46","modified_gmt":"2024-10-13T10:52:46","slug":"schwarz-auf-weiss-2018","status":"publish","type":"page","link":"https:\/\/musikprojektsachsen.de\/?page_id=831","title":{"rendered":"Schwarz auf Wei\u00df 2018"},"content":{"rendered":"\n<figure class=\"wp-block-image size-large\"><a href=\"https:\/\/musikprojektsachsen.de\/wp-content\/uploads\/2024\/09\/Plakat_Schwarz-auf-weiss-1.jpg\"><img loading=\"lazy\" decoding=\"async\" width=\"724\" height=\"1024\" src=\"https:\/\/musikprojektsachsen.de\/wp-content\/uploads\/2024\/09\/Plakat_Schwarz-auf-weiss-1-724x1024.jpg\" alt=\"\" class=\"wp-image-669\" srcset=\"https:\/\/musikprojektsachsen.de\/wp-content\/uploads\/2024\/09\/Plakat_Schwarz-auf-weiss-1-724x1024.jpg 724w, https:\/\/musikprojektsachsen.de\/wp-content\/uploads\/2024\/09\/Plakat_Schwarz-auf-weiss-1-212x300.jpg 212w, https:\/\/musikprojektsachsen.de\/wp-content\/uploads\/2024\/09\/Plakat_Schwarz-auf-weiss-1-768x1086.jpg 768w, https:\/\/musikprojektsachsen.de\/wp-content\/uploads\/2024\/09\/Plakat_Schwarz-auf-weiss-1-1087x1536.jpg 1087w, https:\/\/musikprojektsachsen.de\/wp-content\/uploads\/2024\/09\/Plakat_Schwarz-auf-weiss-1.jpg 1240w\" sizes=\"(max-width: 724px) 100vw, 724px\" \/><\/a><\/figure>\n\n\n\n<p><strong>Programm:<\/strong><\/p>\n\n\n\n<p><strong>Helmut Lachenmann (*1935): <\/strong><em>aus <strong>Ein Kinderspiel. Sieben kleine St\u00fccke <\/strong><\/em>(1980): <em>H\u00e4nschen klein, Falscher Chinese, Filterschaukel<\/em><\/p>\n\n\n\n<p><strong>Arnold Sch\u00f6neberg (1874-1951): <em>Sechs kleine Klavierst\u00fccke op. 19 <\/em><\/strong>(1911)<\/p>\n\n\n\n<p><strong>Henry Cowell (1897-1965): <em>Aeolian harp <\/em><\/strong>(1923)<\/p>\n\n\n\n<p><strong>Christian FP Kram (*1968): <em>5 Impressionen <\/em><\/strong>(2006)<\/p>\n\n\n\n<p><strong>Steffen Reinhold (*1967): <em>Die seltenen V\u00f6gel der Sahara <\/em><\/strong>(2005)<\/p>\n\n\n\n<p><strong>Wolfgang Rihm (*1952): <em>Zwei kleine Schwingungen <\/em><\/strong>(2004\/05): <em>1. Slow \/ 2. Calmo<\/em><\/p>\n\n\n\n<p><strong>Intermezzo 1 Brigitte Noack: <em>Neu komponiertes Klavierst\u00fcck<\/em><\/strong><\/p>\n\n\n\n<p><strong>Knut M\u00fcller (*1963): <em>EKHNIDA <\/em><\/strong>(2004)<\/p>\n\n\n\n<p><strong>Olivier Messiaen (1908-1992): <\/strong><em>aus <strong>Vingt regards sur L\u2018enfant-J\u00e9sus Nr. XIII Noel <\/strong><\/em>(1944)<\/p>\n\n\n\n<p><strong>John Cage (1912-1992): <em>Music for Marcel Duchamp <\/em><\/strong>(1947)<\/p>\n\n\n\n<p><strong>Intermezzo 2 Bernard Bewagtere (*1958): <\/strong><em>aus <strong>6 duets for Edvard Munch <\/strong><\/em>f\u00fcr 2 Klarinetten: <em>Nr. 4: Woman in three stages<\/em>. Bela Buchweitz und Paul Mittag (Klarinetten)<\/p>\n\n\n\n<p><strong>Max Reger (1873-1916): <em>Wiegenlied<\/em><\/strong>. Nathalie Mischok (Gesang) und Jonathan Kr\u00fcger (Klavier)<\/p>\n\n\n\n<p><strong>Galina Ustwolskaja (1919-2006): <em>Sonate Nr. 6 <\/em><\/strong>(1988)<\/p>\n","protected":false},"excerpt":{"rendered":"<p>Programm: Helmut Lachenmann (*1935): aus Ein Kinderspiel. Sieben kleine St\u00fccke (1980): H\u00e4nschen klein, Falscher Chinese, Filterschaukel Arnold Sch\u00f6neberg (1874-1951): Sechs kleine Klavierst\u00fccke op. 19 (1911) Henry Cowell (1897-1965): Aeolian harp (1923) Christian FP Kram (*1968): 5 Impressionen (2006) Steffen Reinhold (*1967): Die seltenen V\u00f6gel der Sahara (2005) Wolfgang Rihm (*1952): Zwei kleine Schwingungen (2004\/05): 1. [&hellip;]<\/p>\n","protected":false},"author":1,"featured_media":0,"parent":666,"menu_order":0,"comment_status":"closed","ping_status":"closed","template":"","meta":{"footnotes":""},"_links":{"self":[{"href":"https:\/\/musikprojektsachsen.de\/index.php?rest_route=\/wp\/v2\/pages\/831"}],"collection":[{"href":"https:\/\/musikprojektsachsen.de\/index.php?rest_route=\/wp\/v2\/pages"}],"about":[{"href":"https:\/\/musikprojektsachsen.de\/index.php?rest_route=\/wp\/v2\/types\/page"}],"author":[{"embeddable":true,"href":"https:\/\/musikprojektsachsen.de\/index.php?rest_route=\/wp\/v2\/users\/1"}],"replies":[{"embeddable":true,"href":"https:\/\/musikprojektsachsen.de\/index.php?rest_route=%2Fwp%2Fv2%2Fcomments&post=831"}],"version-history":[{"count":3,"href":"https:\/\/musikprojektsachsen.de\/index.php?rest_route=\/wp\/v2\/pages\/831\/revisions"}],"predecessor-version":[{"id":834,"href":"https:\/\/musikprojektsachsen.de\/index.php?rest_route=\/wp\/v2\/pages\/831\/revisions\/834"}],"up":[{"embeddable":true,"href":"https:\/\/musikprojektsachsen.de\/index.php?rest_route=\/wp\/v2\/pages\/666"}],"wp:attachment":[{"href":"https:\/\/musikprojektsachsen.de\/index.php?rest_route=%2Fwp%2Fv2%2Fmedia&parent=831"}],"curies":[{"name":"wp","href":"https:\/\/api.w.org\/{rel}","templated":true}]}}