{"id":616,"date":"2024-09-02T17:02:56","date_gmt":"2024-09-02T17:02:56","guid":{"rendered":"https:\/\/musikprojektsachsen.de\/?page_id=616"},"modified":"2024-09-19T06:44:56","modified_gmt":"2024-09-19T06:44:56","slug":"short-storys-for-piano-2","status":"publish","type":"page","link":"https:\/\/musikprojektsachsen.de\/?page_id=616","title":{"rendered":"Short Storys for Piano"},"content":{"rendered":"\n<p>27.9.2024, 19.30 Uhr, Grieg-Begegnungsst\u00e4tte Leipzig, Eintritt frei<\/p>\n\n\n\n<p>Release Konzert zur CD<em> &#8230; Verso l&#8217;interno &#8230;&nbsp;<\/em>von Christian FP Kram<\/p>\n\n\n\n<p>Werke von Christian FP Kram, Gy\u00f6rgy Kurt\u00e1g, Ernst Krenek, Karlheinz Stockhausen und Arnold Sch\u00f6nberg<\/p>\n\n\n\n<p>Anja Kleinmichel und Birgit Polter \/ Klavier<\/p>\n\n\n\n<p><a href=\"https:\/\/musikprojektsachsen.de\/wp-content\/uploads\/2024\/09\/Neue-Klaviermusik-Programm.pdf\">Programm<\/a><\/p>\n\n\n<p style=\"text-align: center;\"><a href=\"https:\/\/musikprojektsachsen.de\/wp-content\/uploads\/2024\/09\/2024-09-27-Plakat-4-1.jpg\"><img loading=\"lazy\" decoding=\"async\" class=\"alignnone size-medium wp-image-641\" src=\"https:\/\/musikprojektsachsen.de\/wp-content\/uploads\/2024\/09\/2024-09-27-Plakat-4-1-213x300.jpg\" alt=\"\" width=\"213\" height=\"300\" srcset=\"https:\/\/musikprojektsachsen.de\/wp-content\/uploads\/2024\/09\/2024-09-27-Plakat-4-1-213x300.jpg 213w, https:\/\/musikprojektsachsen.de\/wp-content\/uploads\/2024\/09\/2024-09-27-Plakat-4-1-728x1024.jpg 728w, https:\/\/musikprojektsachsen.de\/wp-content\/uploads\/2024\/09\/2024-09-27-Plakat-4-1-768x1080.jpg 768w, https:\/\/musikprojektsachsen.de\/wp-content\/uploads\/2024\/09\/2024-09-27-Plakat-4-1-1093x1536.jpg 1093w, https:\/\/musikprojektsachsen.de\/wp-content\/uploads\/2024\/09\/2024-09-27-Plakat-4-1-1457x2048.jpg 1457w, https:\/\/musikprojektsachsen.de\/wp-content\/uploads\/2024\/09\/2024-09-27-Plakat-4-1.jpg 1789w\" sizes=\"(max-width: 213px) 100vw, 213px\" \/><\/a><\/p>\n\n\n<div class=\"wp-block-columns is-layout-flex wp-container-core-columns-layout-1 wp-block-columns-is-layout-flex\">\n<div class=\"wp-block-column is-layout-flow wp-block-column-is-layout-flow\">\n<figure class=\"wp-block-image size-large\"><a href=\"https:\/\/musikprojektsachsen.de\/wp-content\/uploads\/2024\/09\/Anja-Kleinmichel-3-scaled.jpg\"><img loading=\"lazy\" decoding=\"async\" width=\"768\" height=\"1024\" src=\"https:\/\/musikprojektsachsen.de\/wp-content\/uploads\/2024\/09\/Anja-Kleinmichel-3-768x1024.jpg\" alt=\"\" class=\"wp-image-627\" srcset=\"https:\/\/musikprojektsachsen.de\/wp-content\/uploads\/2024\/09\/Anja-Kleinmichel-3-768x1024.jpg 768w, https:\/\/musikprojektsachsen.de\/wp-content\/uploads\/2024\/09\/Anja-Kleinmichel-3-225x300.jpg 225w, https:\/\/musikprojektsachsen.de\/wp-content\/uploads\/2024\/09\/Anja-Kleinmichel-3-1152x1536.jpg 1152w, https:\/\/musikprojektsachsen.de\/wp-content\/uploads\/2024\/09\/Anja-Kleinmichel-3-1536x2048.jpg 1536w, https:\/\/musikprojektsachsen.de\/wp-content\/uploads\/2024\/09\/Anja-Kleinmichel-3-scaled.jpg 1920w\" sizes=\"(max-width: 768px) 100vw, 768px\" \/><\/a><figcaption class=\"wp-element-caption\">Anja Kleinmichel, Klavier<\/figcaption><\/figure>\n<\/div>\n\n\n\n<div class=\"wp-block-column is-layout-flow wp-block-column-is-layout-flow\">\n<figure class=\"wp-block-image size-large\"><a href=\"https:\/\/musikprojektsachsen.de\/wp-content\/uploads\/2024\/09\/Foto-Birgit-Polter-3-scaled.jpg\"><img loading=\"lazy\" decoding=\"async\" width=\"683\" height=\"1024\" src=\"https:\/\/musikprojektsachsen.de\/wp-content\/uploads\/2024\/09\/Foto-Birgit-Polter-3-683x1024.jpg\" alt=\"\" class=\"wp-image-628\" srcset=\"https:\/\/musikprojektsachsen.de\/wp-content\/uploads\/2024\/09\/Foto-Birgit-Polter-3-683x1024.jpg 683w, https:\/\/musikprojektsachsen.de\/wp-content\/uploads\/2024\/09\/Foto-Birgit-Polter-3-200x300.jpg 200w, https:\/\/musikprojektsachsen.de\/wp-content\/uploads\/2024\/09\/Foto-Birgit-Polter-3-768x1152.jpg 768w, https:\/\/musikprojektsachsen.de\/wp-content\/uploads\/2024\/09\/Foto-Birgit-Polter-3-1024x1536.jpg 1024w, https:\/\/musikprojektsachsen.de\/wp-content\/uploads\/2024\/09\/Foto-Birgit-Polter-3-1365x2048.jpg 1365w, https:\/\/musikprojektsachsen.de\/wp-content\/uploads\/2024\/09\/Foto-Birgit-Polter-3-scaled.jpg 1707w\" sizes=\"(max-width: 683px) 100vw, 683px\" \/><\/a><figcaption class=\"wp-element-caption\">Birgit Polter, Klavier<\/figcaption><\/figure>\n<\/div>\n<\/div>\n\n\n\n<div class=\"wp-block-columns is-layout-flex wp-container-core-columns-layout-2 wp-block-columns-is-layout-flex\">\n<div class=\"wp-block-column is-layout-flow wp-block-column-is-layout-flow\">\n<figure class=\"wp-block-image size-large is-resized\"><a href=\"https:\/\/musikprojektsachsen.de\/wp-content\/uploads\/2024\/09\/GriegEV_Logo_schwarz-1.png\"><img loading=\"lazy\" decoding=\"async\" width=\"957\" height=\"1024\" src=\"https:\/\/musikprojektsachsen.de\/wp-content\/uploads\/2024\/09\/GriegEV_Logo_schwarz-1-957x1024.png\" alt=\"\" class=\"wp-image-647\" style=\"width:134px;height:auto\" srcset=\"https:\/\/musikprojektsachsen.de\/wp-content\/uploads\/2024\/09\/GriegEV_Logo_schwarz-1-957x1024.png 957w, https:\/\/musikprojektsachsen.de\/wp-content\/uploads\/2024\/09\/GriegEV_Logo_schwarz-1-280x300.png 280w, https:\/\/musikprojektsachsen.de\/wp-content\/uploads\/2024\/09\/GriegEV_Logo_schwarz-1-768x822.png 768w, https:\/\/musikprojektsachsen.de\/wp-content\/uploads\/2024\/09\/GriegEV_Logo_schwarz-1.png 1000w\" sizes=\"(max-width: 957px) 100vw, 957px\" \/><\/a><\/figure>\n<\/div>\n\n\n\n<div class=\"wp-block-column is-layout-flow wp-block-column-is-layout-flow\">\n<figure class=\"wp-block-image size-large\"><a href=\"https:\/\/musikprojektsachsen.de\/wp-content\/uploads\/2024\/09\/Leipzigstiftung_LOGO-1.png\"><img loading=\"lazy\" decoding=\"async\" width=\"1024\" height=\"280\" src=\"https:\/\/musikprojektsachsen.de\/wp-content\/uploads\/2024\/09\/Leipzigstiftung_LOGO-1-1024x280.png\" alt=\"\" class=\"wp-image-648\" srcset=\"https:\/\/musikprojektsachsen.de\/wp-content\/uploads\/2024\/09\/Leipzigstiftung_LOGO-1-1024x280.png 1024w, https:\/\/musikprojektsachsen.de\/wp-content\/uploads\/2024\/09\/Leipzigstiftung_LOGO-1-300x82.png 300w, https:\/\/musikprojektsachsen.de\/wp-content\/uploads\/2024\/09\/Leipzigstiftung_LOGO-1-768x210.png 768w, https:\/\/musikprojektsachsen.de\/wp-content\/uploads\/2024\/09\/Leipzigstiftung_LOGO-1.png 1068w\" sizes=\"(max-width: 1024px) 100vw, 1024px\" \/><\/a><\/figure>\n<\/div>\n\n\n\n<div class=\"wp-block-column is-layout-flow wp-block-column-is-layout-flow\">\n<figure class=\"wp-block-image size-full\"><a href=\"https:\/\/musikprojektsachsen.de\/wp-content\/uploads\/2024\/09\/dkv_logo1-1.jpg\"><img loading=\"lazy\" decoding=\"async\" width=\"652\" height=\"120\" src=\"https:\/\/musikprojektsachsen.de\/wp-content\/uploads\/2024\/09\/dkv_logo1-1.jpg\" alt=\"\" class=\"wp-image-649\" srcset=\"https:\/\/musikprojektsachsen.de\/wp-content\/uploads\/2024\/09\/dkv_logo1-1.jpg 652w, https:\/\/musikprojektsachsen.de\/wp-content\/uploads\/2024\/09\/dkv_logo1-1-300x55.jpg 300w\" sizes=\"(max-width: 652px) 100vw, 652px\" \/><\/a><\/figure>\n<\/div>\n<\/div>\n","protected":false},"excerpt":{"rendered":"<p>27.9.2024, 19.30 Uhr, Grieg-Begegnungsst\u00e4tte Leipzig, Eintritt frei Release Konzert zur CD &#8230; Verso l&#8217;interno &#8230;&nbsp;von Christian FP Kram Werke von Christian FP Kram, Gy\u00f6rgy Kurt\u00e1g, Ernst Krenek, Karlheinz Stockhausen und Arnold Sch\u00f6nberg Anja Kleinmichel und Birgit Polter \/ Klavier Programm<\/p>\n","protected":false},"author":1,"featured_media":0,"parent":658,"menu_order":0,"comment_status":"closed","ping_status":"closed","template":"","meta":{"footnotes":""},"_links":{"self":[{"href":"https:\/\/musikprojektsachsen.de\/index.php?rest_route=\/wp\/v2\/pages\/616"}],"collection":[{"href":"https:\/\/musikprojektsachsen.de\/index.php?rest_route=\/wp\/v2\/pages"}],"about":[{"href":"https:\/\/musikprojektsachsen.de\/index.php?rest_route=\/wp\/v2\/types\/page"}],"author":[{"embeddable":true,"href":"https:\/\/musikprojektsachsen.de\/index.php?rest_route=\/wp\/v2\/users\/1"}],"replies":[{"embeddable":true,"href":"https:\/\/musikprojektsachsen.de\/index.php?rest_route=%2Fwp%2Fv2%2Fcomments&post=616"}],"version-history":[{"count":9,"href":"https:\/\/musikprojektsachsen.de\/index.php?rest_route=\/wp\/v2\/pages\/616\/revisions"}],"predecessor-version":[{"id":650,"href":"https:\/\/musikprojektsachsen.de\/index.php?rest_route=\/wp\/v2\/pages\/616\/revisions\/650"}],"up":[{"embeddable":true,"href":"https:\/\/musikprojektsachsen.de\/index.php?rest_route=\/wp\/v2\/pages\/658"}],"wp:attachment":[{"href":"https:\/\/musikprojektsachsen.de\/index.php?rest_route=%2Fwp%2Fv2%2Fmedia&parent=616"}],"curies":[{"name":"wp","href":"https:\/\/api.w.org\/{rel}","templated":true}]}}