{"id":544,"date":"2023-12-28T11:51:58","date_gmt":"2023-12-28T11:51:58","guid":{"rendered":"https:\/\/musikprojektsachsen.de\/?page_id=544"},"modified":"2024-09-19T07:51:25","modified_gmt":"2024-09-19T07:51:25","slug":"maske-auf-musik-an-2020-21","status":"publish","type":"page","link":"https:\/\/musikprojektsachsen.de\/?page_id=544","title":{"rendered":"Maske auf \/ Musik an 2020\/21"},"content":{"rendered":"\n<p class=\"has-text-align-center\"><strong>Neue Musik f\u00fcr Fl\u00f6te und Klavier in der Schule<\/strong><\/p>\n\n\n\n<div class=\"wp-block-columns is-layout-flex wp-container-core-columns-layout-1 wp-block-columns-is-layout-flex\">\n<div class=\"wp-block-column is-layout-flow wp-block-column-is-layout-flow\">\n<figure class=\"wp-block-image size-large\"><a href=\"https:\/\/musikprojektsachsen.de\/wp-content\/uploads\/2021\/06\/Flyer_V_v0_ee-scaled.jpg\"><img loading=\"lazy\" decoding=\"async\" width=\"1024\" height=\"734\" src=\"https:\/\/musikprojektsachsen.de\/wp-content\/uploads\/2021\/06\/Flyer_V_v0_ee-1024x734.jpg\" alt=\"\" class=\"wp-image-397\" srcset=\"https:\/\/musikprojektsachsen.de\/wp-content\/uploads\/2021\/06\/Flyer_V_v0_ee-1024x734.jpg 1024w, https:\/\/musikprojektsachsen.de\/wp-content\/uploads\/2021\/06\/Flyer_V_v0_ee-300x215.jpg 300w, https:\/\/musikprojektsachsen.de\/wp-content\/uploads\/2021\/06\/Flyer_V_v0_ee-768x551.jpg 768w, https:\/\/musikprojektsachsen.de\/wp-content\/uploads\/2021\/06\/Flyer_V_v0_ee-1536x1101.jpg 1536w, https:\/\/musikprojektsachsen.de\/wp-content\/uploads\/2021\/06\/Flyer_V_v0_ee-2048x1468.jpg 2048w\" sizes=\"(max-width: 1024px) 100vw, 1024px\" \/><\/a><\/figure>\n<\/div>\n\n\n\n<div class=\"wp-block-column is-layout-flow wp-block-column-is-layout-flow\">\n<figure class=\"wp-block-image size-full\"><a href=\"https:\/\/musikprojektsachsen.de\/wp-content\/uploads\/2023\/12\/Anja-Kleinmichel.jpg\"><img loading=\"lazy\" decoding=\"async\" width=\"474\" height=\"361\" src=\"https:\/\/musikprojektsachsen.de\/wp-content\/uploads\/2023\/12\/Anja-Kleinmichel.jpg\" alt=\"\" class=\"wp-image-553\" srcset=\"https:\/\/musikprojektsachsen.de\/wp-content\/uploads\/2023\/12\/Anja-Kleinmichel.jpg 474w, https:\/\/musikprojektsachsen.de\/wp-content\/uploads\/2023\/12\/Anja-Kleinmichel-300x228.jpg 300w\" sizes=\"(max-width: 474px) 100vw, 474px\" \/><\/a><figcaption class=\"wp-element-caption\">Anja Kleinmichel, Klavier<\/figcaption><\/figure>\n<\/div>\n<\/div>\n\n\n\n<p><strong>13.10.2020 Robert-Schumann-Gymnasium Leipzig<\/strong><\/p>\n\n\n\n<p><strong>30.6.2021 Musikschule Neue Musik Leipzig<\/strong><\/p>\n\n\n\n<p>Sofia Gubaidulina (*1931): <em>Kl\u00e4nge des Waldes <\/em>(1991) f\u00fcr Fl\u00f6te und Klavier<\/p>\n\n\n\n<p>Steffen Reinhold (*1967): <em>Solfeggio <\/em>(2011) f\u00fcr Fl\u00f6te<\/p>\n\n\n\n<p>Olivier Messiaen (1908-1992): <em>Le Merle noir <\/em>(1951) f\u00fcr Fl\u00f6te und Klavier<\/p>\n\n\n\n<p>Henry Cowell (1895-1965): <em>Aeolian harp <\/em>(1923) f\u00fcr Klavier<\/p>\n\n\n\n<p>Luciano Berio (1925-2003): <em>Sequenza I <\/em>(1958) f\u00fcr Fl\u00f6te Solo<\/p>\n\n\n\n<p>Knut M\u00fcller (*1963): <em>TINNIT <\/em>(2012) f\u00fcr Piccolo-\/Bassfl\u00f6te und Klavier<\/p>\n\n\n\n<p>Melanie Brunner: <em>Ostinato<\/em><\/p>\n\n\n\n<p>Bela Murzik: <em>L&#8217;inizio<\/em><\/p>\n\n\n\n<p>Hedwig Janko: <em>Ida Ortrun<\/em><\/p>\n\n\n\n<p>Matias Pankoke: <em>Experiment<\/em><\/p>\n\n\n\n<p>Christian FP Kram (*1968): <em>ParaphrAse \u2013 ParaphrasIE <\/em>(2005) f\u00fcr Fl\u00f6te und Klavier<\/p>\n\n\n\n<p>Christian FP Kram: <em>in memoriam&#8230; <\/em>(2011\/13) f\u00fcr Bass-Fl\u00f6te und Klavier<\/p>\n","protected":false},"excerpt":{"rendered":"<p>Neue Musik f\u00fcr Fl\u00f6te und Klavier in der Schule 13.10.2020 Robert-Schumann-Gymnasium Leipzig 30.6.2021 Musikschule Neue Musik Leipzig Sofia Gubaidulina (*1931): Kl\u00e4nge des Waldes (1991) f\u00fcr Fl\u00f6te und Klavier Steffen Reinhold (*1967): Solfeggio (2011) f\u00fcr Fl\u00f6te Olivier Messiaen (1908-1992): Le Merle noir (1951) f\u00fcr Fl\u00f6te und Klavier Henry Cowell (1895-1965): Aeolian harp (1923) f\u00fcr Klavier Luciano [&hellip;]<\/p>\n","protected":false},"author":1,"featured_media":0,"parent":666,"menu_order":0,"comment_status":"closed","ping_status":"closed","template":"","meta":{"footnotes":""},"_links":{"self":[{"href":"https:\/\/musikprojektsachsen.de\/index.php?rest_route=\/wp\/v2\/pages\/544"}],"collection":[{"href":"https:\/\/musikprojektsachsen.de\/index.php?rest_route=\/wp\/v2\/pages"}],"about":[{"href":"https:\/\/musikprojektsachsen.de\/index.php?rest_route=\/wp\/v2\/types\/page"}],"author":[{"embeddable":true,"href":"https:\/\/musikprojektsachsen.de\/index.php?rest_route=\/wp\/v2\/users\/1"}],"replies":[{"embeddable":true,"href":"https:\/\/musikprojektsachsen.de\/index.php?rest_route=%2Fwp%2Fv2%2Fcomments&post=544"}],"version-history":[{"count":9,"href":"https:\/\/musikprojektsachsen.de\/index.php?rest_route=\/wp\/v2\/pages\/544\/revisions"}],"predecessor-version":[{"id":598,"href":"https:\/\/musikprojektsachsen.de\/index.php?rest_route=\/wp\/v2\/pages\/544\/revisions\/598"}],"up":[{"embeddable":true,"href":"https:\/\/musikprojektsachsen.de\/index.php?rest_route=\/wp\/v2\/pages\/666"}],"wp:attachment":[{"href":"https:\/\/musikprojektsachsen.de\/index.php?rest_route=%2Fwp%2Fv2%2Fmedia&parent=544"}],"curies":[{"name":"wp","href":"https:\/\/api.w.org\/{rel}","templated":true}]}}