{"id":53,"date":"2014-09-26T18:37:26","date_gmt":"2014-09-26T18:37:26","guid":{"rendered":"http:\/\/musikprojektsachsen.de\/wordpress\/?page_id=53"},"modified":"2024-09-23T18:43:15","modified_gmt":"2024-09-23T18:43:15","slug":"spinnerei-vii-2013","status":"publish","type":"page","link":"https:\/\/musikprojektsachsen.de\/?page_id=53","title":{"rendered":"Spinnerei VII 2013"},"content":{"rendered":"\n<figure class=\"wp-block-image size-large\"><a href=\"https:\/\/musikprojektsachsen.de\/wp-content\/uploads\/2024\/09\/Flyer-Spinnerei-VII.jpg\"><img loading=\"lazy\" decoding=\"async\" width=\"1024\" height=\"736\" src=\"https:\/\/musikprojektsachsen.de\/wp-content\/uploads\/2024\/09\/Flyer-Spinnerei-VII-1024x736.jpg\" alt=\"\" class=\"wp-image-682\" srcset=\"https:\/\/musikprojektsachsen.de\/wp-content\/uploads\/2024\/09\/Flyer-Spinnerei-VII-1024x736.jpg 1024w, https:\/\/musikprojektsachsen.de\/wp-content\/uploads\/2024\/09\/Flyer-Spinnerei-VII-300x216.jpg 300w, https:\/\/musikprojektsachsen.de\/wp-content\/uploads\/2024\/09\/Flyer-Spinnerei-VII-768x552.jpg 768w, https:\/\/musikprojektsachsen.de\/wp-content\/uploads\/2024\/09\/Flyer-Spinnerei-VII.jpg 1046w\" sizes=\"(max-width: 1024px) 100vw, 1024px\" \/><\/a><\/figure>\n\n\n<p align=\"left\"><span style=\"font-family: Arial,Helvetica,sans-serif; font-size: small;\">Im Festival \u201eSpinnerei VII\u201c pr\u00e4sentierte der Verein MusikProjektSachsen im Herbst 2013 wieder neue und neueste Musik in innovativ zusammengestellten Konzertprogrammen. Gem\u00e4\u00df dem Festivalkonzept wurde dabei sowohl eine stilistische Vielfalt als auch die Verbindung zu anderen K\u00fcnsten verwirklicht. Das Festival fand wie gewohnt im Klavierhaus &#8222;Michael Fiech&#8220; statt. Lediglich der erste Abend fand in der \u201eResidenz\u201c, einer Nebenspielst\u00e4tte des Schauspiel Leipzigs statt, da sich die dortigen technisch-r\u00e4umlichen M\u00f6glichkeiten f\u00fcr den performativem Charakter der Veranstaltung hervorragend eigneten. Diese Kooperation hatte sich 2011 sehr bew\u00e4hrt und erm\u00f6glicht die weitere Vernetzung der k\u00fcnstlerischen Ressorts des Spinnereigel\u00e4ndes.<\/span><\/p>\n<p align=\"left\"><span style=\"font-family: Arial,Helvetica,sans-serif; font-size: small;\">Das Hauptkonzert des Festivals wurde am Er\u00f6ffnungsabend vom Dresdner Ensemble \u201e<strong>El Perro Andaluz<\/strong>\u201c bestritten. Im Zentrum des Konzertes standen zwei Komponisten, die auf sehr unterschiedliche Weise das zeitgen\u00f6ssische Musikschaffen nicht nur in Deutschland pr\u00e4gten und pr\u00e4gen. <strong>Dimitri Terzakis<\/strong> ist mit seiner &#8222;interkulturellen&#8220; Musik, die eine Br\u00fccke zwischen westlicher Avantgarde und traditioneller Musik des Mittelmeerraumes schl\u00e4gt, einen sehr eigenen und unverwechselbaren Weg in der neueren Musikgeschichte gegangen. <strong>Lothar Voigtl\u00e4nder<\/strong> erschloss insbesondere mit seinen elektronischen Kompositionen immer wieder neue R\u00e4ume und ist als derzeitiger Pr\u00e4sident des Deutschen Komponistenverbandes ein unerm\u00fcdlich engagierter Streiter f\u00fcr die zeitgen\u00f6ssische Musik. Zwei Urauff\u00fchrungen und eine Komposition von Carsten Hennig komplettierten das Konzert. Die stilistisch sehr verschiedenen Positionen der Komponisten des Abends boten schlie\u00dflich einen spannenden Gespr\u00e4chsstoff f\u00fcr die Podiumsdiskussion unter Moderation der Musikwissenschaftlerin <strong>Dr. Ulrike Liedtke<\/strong>.<\/span><\/p>\n<p align=\"left\"><img decoding=\"async\" src=\"http:\/\/musikprojektsachsen.de\/spinnerei2013_1.jpg\" alt=\"\" width=\"435\" border=\"1\" \/><span style=\"font-family: Arial,Helvetica,sans-serif; font-size: small;\">Der zweite Festivalabend wurde von zwei Konzerten bestimmt, deren Gemeinsamkeit darin lagt, dass sie ihren Ausgangspunkt in der Experimentierfreude hatten und in denen auf je unterschiedliche Weise Grenzbereiche ausgelotet wurden. Sie unterschieden sich jedoch stilistisch, inhaltlich und in der Wahl ihrer Mittel stark. In der Auff\u00fchrung der KehlKopfGedichte von <strong>Alfred Gulden<\/strong> setzten sich menschliche Stimme und Posaune (<strong>Christof Thewes<\/strong>), beides Instrumente, die \u201evon der Luft leben\u201c, ohne (Atem-)Luft nicht herauskommen, nicht laut werden k\u00f6nnen, mit Sprache und Sprechen, Ger\u00e4usch und Ton auseinander. So wie hier Sprache und Sprechen in einen sich gegenseitig bedingenden Diskurs traten, so interagierten im zweiten Teil des Konzertes Musik und K\u00f6rpersprache. Hier kommunizierte der Posaunist mit zwei T\u00e4nzern des Internationalen Choreografischen Zentrums Leipzig. Aus der Improvisation von Posaune und Bewegung heraus entstand unter der choreografischen Leitung von Montserrat Le\u00f3n ein Dialog von K\u00f6rper und Klang. <strong>Montserrat Le\u00f3n<\/strong> tanzte u. a. viele Jahre im Opernballett unter Uwe Scholz und ist als Choreographien international t\u00e4tig.<\/span><\/p>\n<p align=\"left\"><span style=\"font-family: Arial,Helvetica,sans-serif; font-size: small;\">Anschlie\u00dfend spielten in der Crossover-Band <strong>\u201cMr. Hyde<\/strong>\u201c drei Musiker eine vorwiegend improvisierte Musik, die akustische mit elektronischen Kl\u00e4ngen verband und die eine Kombination aus groovigen Rhythmen, speziellen Spieltechniken und offenen Formen der Neuen Musik schaffte. Erg\u00e4nzt wurde die Musik durch eine Lichtperformance von <strong>Claudia Reh<\/strong>, die die dramaturgischen Abl\u00e4ufe der Musik visualisierte und dar\u00fcber hinaus den Musikern Impulse f\u00fcr Improvisationen gab. Die lichtgrafische Performance selbst ist eine Livemalerei auf lichtstarken Overheadprojektoren, bei der Bilder aufgebaut, \u00fcbermalt, zerst\u00f6rt werden, um sie in anderer Form neu zu schaffen.<\/span><\/p>\n<p align=\"left\"><span style=\"font-family: Arial,Helvetica,sans-serif; font-size: small;\">Im letzten Konzert des Festivals spielte das Freiburger Trio &#8222;<strong>Pandorina<\/strong>&#8220; Werke f\u00fcr Klavier, Fl\u00f6te und Violoncello des 21. Jahrhunderts, mit einer Ausnahme: die Komposition Trio op. 57 entstand bereits 1984 und stammt vom Fl\u00f6tisten des Ensembles, Frank Michael.<\/span><\/p>\n<p align=\"left\"><span style=\"font-family: Arial,Helvetica,sans-serif; font-size: small;\"><br \/><strong><span style=\"font-size: large;\">Programm<\/span><\/strong><\/span><\/p>\n<table border=\"0\" width=\"95%\">\n<tbody>\n<tr>\n<td bgcolor=\"#FFD5AA\"><span style=\"font-family: Arial,Helvetica,sans-serif; font-size: small;\"><strong>Konzert 1<\/strong> Freitag, 25.10.13, 19:30 Uhr, Klavierhaus<\/span><\/td>\n<\/tr>\n<tr>\n<td bgcolor=\"#FFEFD7\" height=\"419\">\n<p align=\"left\"><span style=\"font-family: Arial,Helvetica,sans-serif; font-size: medium;\"><strong>ENSEMBLE El Perro Andaluz <\/strong><\/span><\/p>\n<p><span style=\"font-family: Arial,Helvetica,sans-serif; font-size: small;\">Lothar Voigtl\u00e4nder<br \/>Hiob III (2011\/12)<br \/>f\u00fcr Ensemble<\/span><\/p>\n<p><span style=\"font-family: Arial,Helvetica,sans-serif; font-size: small;\">Steffen Reinhold<br \/><a href=\"https:\/\/steffenreinhold.de\/komposition\/echoes-of-staffa\/\">Echoes of Staffa<\/a> (2010)<br \/><\/span> <span style=\"font-family: Arial,Helvetica,sans-serif; font-size: small;\">f\u00fcr Bassklarinette und Violoncello<\/span><\/p>\n<p><span style=\"font-family: Arial,Helvetica,sans-serif; font-size: small;\">Christian F. P. Kram<br \/>Dualismen (2010)<br \/>f\u00fcr Ensemble<\/span><\/p>\n<p><span style=\"font-family: Arial,Helvetica,sans-serif; font-size: small;\">Dimitri Terzakis &#8211; Blasphemien, Hymne an Aphrodite (2011) f\u00fcr Streichtrio<br \/><\/span><\/p>\n<p><span style=\"font-family: Arial,Helvetica,sans-serif; font-size: small;\">Carsten Hennig<br \/>Kammerflimmern (2010)<br \/><\/span> <span style=\"font-family: Arial,Helvetica,sans-serif; font-size: small;\">f\u00fcr Fl\u00f6te, Klarinette, Violine, Violoncello und Percussion<\/span><\/p>\n<p><span style=\"font-family: Arial,Helvetica,sans-serif; font-size: small;\">im Anschluss:<\/span><\/p>\n<p><span style=\"font-family: Arial,Helvetica,sans-serif; font-size: small;\">Podiumsdiskussion mit Dimitri Terzakis, Lothar Voigtl\u00e4nder, Carsten Hennig, Christian FP Kram und Steffen Reinhold; Moderation: Dr. Ulrike Liedtke<\/span><\/p>\n<\/td>\n<\/tr>\n<tr>\n<td height=\"34\">\u00a0<\/td>\n<\/tr>\n<tr>\n<td bgcolor=\"#FFD5AA\" height=\"25\"><span style=\"font-family: Arial,Helvetica,sans-serif; font-size: small;\"><strong>Konzert 2<\/strong> Samstag 26.10.13, 19:00 Uhr, Residenz<\/span><\/td>\n<\/tr>\n<tr>\n<td bgcolor=\"#FFEFD7\" height=\"198\">\n<p align=\"left\"><span style=\"font-family: Arial,Helvetica,sans-serif; font-size: medium;\"><strong>SZENE<\/strong><\/span><\/p>\n<p align=\"left\"><span style=\"font-family: Arial,Helvetica,sans-serif; font-size: small;\">Alfred Gulden &#8211; Stimme, Christof Thewes &#8211; Posaune<\/span><\/p>\n<p><span style=\"font-family: Arial,Helvetica,sans-serif; font-size: small;\"> <strong>voice box poems\/<\/strong> KehlKopfGedichte<\/span><\/p>\n<p><span style=\"font-family: Arial,Helvetica,sans-serif; font-size: small;\">Christof Thewes &#8211; Posaune, 2 T\u00e4nzerinnen des Internationalen Choreografischen Zentrums<br \/>Leipzig, Choreographie Montserrat Le\u00f3n<\/span><\/p>\n<p><span style=\"font-family: Arial,Helvetica,sans-serif; font-size: small;\"> <strong>reflexion 4<\/strong>, Posaune, Zuspiel und Tanz<\/span><span style=\"font-family: Arial,Helvetica,sans-serif; font-size: small;\"><strong><br \/><\/strong><\/span><\/p>\n<\/td>\n<\/tr>\n<tr>\n<td>\u00a0<\/td>\n<\/tr>\n<tr>\n<td bgcolor=\"#FFD5AA\"><span style=\"font-family: Arial,Helvetica,sans-serif; font-size: small;\"><strong>Konzert 3<\/strong> Samstag 26.10.13, 21:30 Uhr, Klavierhaus<\/span><\/td>\n<\/tr>\n<tr>\n<td bgcolor=\"#FFEFD7\" height=\"165\">\n<p align=\"left\"><span style=\"font-family: Arial,Helvetica,sans-serif; font-size: medium;\"><strong>CROSSOVER<\/strong><\/span><\/p>\n<p align=\"left\"><span style=\"font-family: Arial,Helvetica,sans-serif; font-size: small;\">mit der Band <strong>\u201cMr. Hyde\u201c<\/strong><\/span><\/p>\n<p align=\"left\"><span style=\"font-family: Arial,Helvetica,sans-serif; font-size: small;\">Matthias H\u00fcbner \u2013 E-Cello, Tasteninstrumente, Live-Elektronik<br \/><\/span><span style=\"font-family: Arial,Helvetica,sans-serif; font-size: small;\">Andreas Brinsa &#8211; Drums, Percussion<br \/><\/span><span style=\"font-family: Arial,Helvetica,sans-serif; font-size: small;\">Astrid Pfister- Kontrabass<\/span><\/p>\n<p><span style=\"font-family: Arial,Helvetica,sans-serif; font-size: small;\">Claudia Reh &#8211; Lichtperformance<\/span><\/p>\n<\/td>\n<\/tr>\n<tr>\n<td>\u00a0<\/td>\n<\/tr>\n<tr>\n<td bgcolor=\"#FFD5AA\"><span style=\"font-family: Arial,Helvetica,sans-serif; font-size: small;\"><strong>Konzert 4 <\/strong> Sonntag, 27.10.13, 19:30 Uhr, Klavierhaus<\/span><\/td>\n<\/tr>\n<tr>\n<td valign=\"top\" bgcolor=\"#FFEFD7\" height=\"351\">\n<p align=\"left\"><span style=\"font-family: Arial,Helvetica,sans-serif; font-size: small;\"><strong>TRIO<\/strong><\/span><\/p>\n<p><span style=\"font-family: Arial,Helvetica,sans-serif; font-size: small;\"><strong>Trio Pandorina<\/strong> Frank Michael &#8211; Fl\u00f6te, Andreas Rossmy- Violoncello, Albert Kaul &#8211; Klavier<\/span><\/p>\n<p><span style=\"font-family: Arial,Helvetica,sans-serif; font-size: small;\">Christian FP Kram &#8211; &#8230;in die Ferne&#8230;ins Leben?! (2001) f\u00fcr Fl\u00f6te, Violoncello und Klavier <\/span><\/p>\n<p><span style=\"font-family: Arial,Helvetica,sans-serif; font-size: small;\">Huber Hoche &#8211; Project for Three (2004) f\u00fcr Altfl\u00f6te, Violoncello und Klavier<\/span><\/p>\n<p><span style=\"font-family: Arial,Helvetica,sans-serif; font-size: small;\">Stephan Adam &#8211; Techno macabre (2003) &#8211; f\u00fcr Fl\u00f6te, Violoncello und Klavier<\/span><\/p>\n<p><span style=\"font-family: Arial,Helvetica,sans-serif; font-size: small;\">Albert Kaul &#8211; Cortina ferrea (2011) 7 St\u00fccke f\u00fcr Fl\u00f6te, Violoncello und Klavier<\/span><\/p>\n<p><span style=\"font-family: Arial,Helvetica,sans-serif; font-size: small;\">Frank Michael &#8211; Trio op. 58 (1984) In memoriam Sigrid Eppinger, f\u00fcr Fl\u00f6te, Violoncello und Klavier<\/span><\/p>\n<\/td>\n<\/tr>\n<\/tbody>\n<\/table>","protected":false},"excerpt":{"rendered":"<p>Im Festival \u201eSpinnerei VII\u201c pr\u00e4sentierte der Verein MusikProjektSachsen im Herbst 2013 wieder neue und neueste Musik in innovativ zusammengestellten Konzertprogrammen. Gem\u00e4\u00df dem Festivalkonzept wurde dabei sowohl eine stilistische Vielfalt als auch die Verbindung zu anderen K\u00fcnsten verwirklicht. Das Festival fand wie gewohnt im Klavierhaus &#8222;Michael Fiech&#8220; statt. Lediglich der erste Abend fand in der \u201eResidenz\u201c, [&hellip;]<\/p>\n","protected":false},"author":1,"featured_media":0,"parent":658,"menu_order":1,"comment_status":"closed","ping_status":"closed","template":"","meta":{"footnotes":""},"_links":{"self":[{"href":"https:\/\/musikprojektsachsen.de\/index.php?rest_route=\/wp\/v2\/pages\/53"}],"collection":[{"href":"https:\/\/musikprojektsachsen.de\/index.php?rest_route=\/wp\/v2\/pages"}],"about":[{"href":"https:\/\/musikprojektsachsen.de\/index.php?rest_route=\/wp\/v2\/types\/page"}],"author":[{"embeddable":true,"href":"https:\/\/musikprojektsachsen.de\/index.php?rest_route=\/wp\/v2\/users\/1"}],"replies":[{"embeddable":true,"href":"https:\/\/musikprojektsachsen.de\/index.php?rest_route=%2Fwp%2Fv2%2Fcomments&post=53"}],"version-history":[{"count":7,"href":"https:\/\/musikprojektsachsen.de\/index.php?rest_route=\/wp\/v2\/pages\/53\/revisions"}],"predecessor-version":[{"id":742,"href":"https:\/\/musikprojektsachsen.de\/index.php?rest_route=\/wp\/v2\/pages\/53\/revisions\/742"}],"up":[{"embeddable":true,"href":"https:\/\/musikprojektsachsen.de\/index.php?rest_route=\/wp\/v2\/pages\/658"}],"wp:attachment":[{"href":"https:\/\/musikprojektsachsen.de\/index.php?rest_route=%2Fwp%2Fv2%2Fmedia&parent=53"}],"curies":[{"name":"wp","href":"https:\/\/api.w.org\/{rel}","templated":true}]}}