{"id":528,"date":"2023-12-28T10:48:48","date_gmt":"2023-12-28T10:48:48","guid":{"rendered":"https:\/\/musikprojektsachsen.de\/?page_id=528"},"modified":"2024-09-19T07:51:45","modified_gmt":"2024-09-19T07:51:45","slug":"klang-der-klaenge-2023","status":"publish","type":"page","link":"https:\/\/musikprojektsachsen.de\/?page_id=528","title":{"rendered":"Klang der Kl\u00e4nge 2023"},"content":{"rendered":"<p><a href=\"https:\/\/musikprojektsachsen.de\/wp-content\/uploads\/2023\/11\/klang_der_klaenge_2023d_klein.jpg\"><img loading=\"lazy\" decoding=\"async\" class=\"size-medium wp-image-441 aligncenter\" src=\"https:\/\/musikprojektsachsen.de\/wp-content\/uploads\/2023\/11\/klang_der_klaenge_2023d_klein-215x300.jpg\" alt=\"\" width=\"215\" height=\"300\" srcset=\"https:\/\/musikprojektsachsen.de\/wp-content\/uploads\/2023\/11\/klang_der_klaenge_2023d_klein-215x300.jpg 215w, https:\/\/musikprojektsachsen.de\/wp-content\/uploads\/2023\/11\/klang_der_klaenge_2023d_klein.jpg 500w\" sizes=\"(max-width: 215px) 100vw, 215px\" \/><\/a><\/p>\n\n\n<p class=\"has-text-align-center\"><strong>Neue Oboen- und Harfenmusik in der Schule<\/strong><\/p>\n\n\n\n<div class=\"wp-block-columns is-layout-flex wp-container-core-columns-layout-1 wp-block-columns-is-layout-flex\">\n<div class=\"wp-block-column is-layout-flow wp-block-column-is-layout-flow\" style=\"flex-basis:33.33%\">\n<figure class=\"wp-block-image size-large\"><a href=\"https:\/\/musikprojektsachsen.de\/wp-content\/uploads\/2023\/12\/Foto-Aline-Khouri.jpg\"><img loading=\"lazy\" decoding=\"async\" width=\"1024\" height=\"683\" src=\"https:\/\/musikprojektsachsen.de\/wp-content\/uploads\/2023\/12\/Foto-Aline-Khouri-1024x683.jpg\" alt=\"\" class=\"wp-image-565\" srcset=\"https:\/\/musikprojektsachsen.de\/wp-content\/uploads\/2023\/12\/Foto-Aline-Khouri-1024x683.jpg 1024w, https:\/\/musikprojektsachsen.de\/wp-content\/uploads\/2023\/12\/Foto-Aline-Khouri-300x200.jpg 300w, https:\/\/musikprojektsachsen.de\/wp-content\/uploads\/2023\/12\/Foto-Aline-Khouri-768x512.jpg 768w, https:\/\/musikprojektsachsen.de\/wp-content\/uploads\/2023\/12\/Foto-Aline-Khouri-1536x1024.jpg 1536w, https:\/\/musikprojektsachsen.de\/wp-content\/uploads\/2023\/12\/Foto-Aline-Khouri-272x182.jpg 272w, https:\/\/musikprojektsachsen.de\/wp-content\/uploads\/2023\/12\/Foto-Aline-Khouri.jpg 2048w\" sizes=\"(max-width: 1024px) 100vw, 1024px\" \/><\/a><figcaption class=\"wp-element-caption\">Aline Khouri, Harfe<\/figcaption><\/figure>\n<\/div>\n\n\n\n<div class=\"wp-block-column is-layout-flow wp-block-column-is-layout-flow\" style=\"flex-basis:66.66%\">\n<figure class=\"wp-block-image size-full is-resized\"><a href=\"https:\/\/musikprojektsachsen.de\/wp-content\/uploads\/2023\/12\/Dietze-1.jpg\"><img loading=\"lazy\" decoding=\"async\" width=\"511\" height=\"768\" src=\"https:\/\/musikprojektsachsen.de\/wp-content\/uploads\/2023\/12\/Dietze-1.jpg\" alt=\"\" class=\"wp-image-532\" style=\"width:158px;height:auto\" srcset=\"https:\/\/musikprojektsachsen.de\/wp-content\/uploads\/2023\/12\/Dietze-1.jpg 511w, https:\/\/musikprojektsachsen.de\/wp-content\/uploads\/2023\/12\/Dietze-1-200x300.jpg 200w\" sizes=\"(max-width: 511px) 100vw, 511px\" \/><\/a><figcaption class=\"wp-element-caption\">J\u00fcrgen Dietze, Oboe<\/figcaption><\/figure>\n<\/div>\n<\/div>\n\n\n\n<p><strong>Programm 14.11.2023<\/strong><\/p>\n\n\n\n<p>Das Konzert wurde vom Grundkurs Musik 11 der Gerda-Taro-Schule mit dem Musiklehrer Andreas Ismayr und dem Komponisten Christian FP Kram erarbeitet und vorbereitet.<\/p>\n\n\n\n<p><strong>Witold Lutoslawski: a<\/strong>us<strong><em> 3 Fragmenty f\u00fcr Oboe und Harfe: Nr. 1 Magia <\/em><\/strong>f\u00fcr Oboe und Harfe<\/p>\n\n\n\n<p><strong>Steffen Reinhold: <em><a href=\"https:\/\/steffenreinhold.de\/komposition\/jeu-de-temps\/\">Jeu de temps<\/a> <\/em><\/strong>f\u00fcr Oboe und Harfe<\/p>\n\n\n\n<p><strong>Benjamin Britten: <\/strong>3 St\u00fccke aus<strong><em> Six Metamorphoses after Ovid <\/em><\/strong>f\u00fcr Oboe Solo<\/p>\n\n\n\n<p><em>&nbsp;&nbsp;&nbsp;&nbsp;&nbsp;&nbsp;&nbsp;&nbsp;&nbsp;&nbsp;&nbsp;&nbsp;&nbsp;&nbsp;&nbsp;&nbsp;&nbsp;&nbsp;&nbsp;&nbsp;&nbsp;&nbsp;&nbsp;&nbsp;&nbsp;&nbsp;&nbsp; Nr. 1 <strong>Pan, <\/strong>Nr. 2 <strong>Phaeton, <\/strong>Nr. 6 <strong>Arethusa<\/strong><\/em><\/p>\n\n\n\n<p><strong>Eden Concepcion: <em>Bolest\u2019hlavy <\/em><\/strong>f\u00fcr Harfe Solo (UA)<\/p>\n\n\n\n<p><strong>Finley Semper, Josua Weise, Noah Fabian: <em>Normalis <\/em><\/strong>f\u00fcr Oboe und Harfe (UA)<\/p>\n\n\n\n<p><strong>Christian FP Kram: <em>11 Pi\u00e8ces en rotation <\/em><\/strong>f\u00fcr Oboe und Harfe<\/p>\n\n\n\n<p><strong>Anonymous: <em>Spanische Romanze <\/em><\/strong>f\u00fcr Gitarre Solo, Hermann Wittig \u2013 Gitarre<\/p>\n\n\n\n<p><strong>Dimitri Kabalewski: <em>Violinkonzert C-Dur, op. 48 <\/em><\/strong>(Ausschnitte), Lena Hill \u2013 Violine<\/p>\n\n\n\n<p><strong>Gabriel Faur\u00e9: <em>Sicilienne <\/em><\/strong>f\u00fcr Fl\u00f6te und Klavier, Lenka Nencke \u2013 Fl\u00f6te, Christian FP Kram \u2013 Klavier<\/p>\n\n\n\n<p><strong>John Cage: <em>4&#8242; 33&#8220;<\/em><\/strong><em>,<\/em><strong><em> <\/em><\/strong>Louis Jannosch \u2013 Klavier<\/p>\n\n\n\n<p><strong>Olivia Podrigo: <em>The rose song<\/em><\/strong><em>,<\/em><strong><em> <\/em><\/strong>Dorsa Pirabi \u2013 Gesang<\/p>\n\n\n\n<p><strong>Carlos Salzedo: <em>Chanson dans la nuit <\/em><\/strong>f\u00fcr Harfe Solo<\/p>\n\n\n\n<p><strong>J\u00fcrgen Dietze:<\/strong><em> <strong>Fantasie <\/strong><\/em>f\u00fcr Fl\u00f6te, Oboe und Harfe<\/p>\n","protected":false},"excerpt":{"rendered":"<p>Neue Oboen- und Harfenmusik in der Schule Programm 14.11.2023 Das Konzert wurde vom Grundkurs Musik 11 der Gerda-Taro-Schule mit dem Musiklehrer Andreas Ismayr und dem Komponisten Christian FP Kram erarbeitet und vorbereitet. Witold Lutoslawski: aus 3 Fragmenty f\u00fcr Oboe und Harfe: Nr. 1 Magia f\u00fcr Oboe und Harfe Steffen Reinhold: Jeu de temps f\u00fcr Oboe [&hellip;]<\/p>\n","protected":false},"author":1,"featured_media":0,"parent":666,"menu_order":0,"comment_status":"closed","ping_status":"closed","template":"","meta":{"footnotes":""},"_links":{"self":[{"href":"https:\/\/musikprojektsachsen.de\/index.php?rest_route=\/wp\/v2\/pages\/528"}],"collection":[{"href":"https:\/\/musikprojektsachsen.de\/index.php?rest_route=\/wp\/v2\/pages"}],"about":[{"href":"https:\/\/musikprojektsachsen.de\/index.php?rest_route=\/wp\/v2\/types\/page"}],"author":[{"embeddable":true,"href":"https:\/\/musikprojektsachsen.de\/index.php?rest_route=\/wp\/v2\/users\/1"}],"replies":[{"embeddable":true,"href":"https:\/\/musikprojektsachsen.de\/index.php?rest_route=%2Fwp%2Fv2%2Fcomments&post=528"}],"version-history":[{"count":11,"href":"https:\/\/musikprojektsachsen.de\/index.php?rest_route=\/wp\/v2\/pages\/528\/revisions"}],"predecessor-version":[{"id":582,"href":"https:\/\/musikprojektsachsen.de\/index.php?rest_route=\/wp\/v2\/pages\/528\/revisions\/582"}],"up":[{"embeddable":true,"href":"https:\/\/musikprojektsachsen.de\/index.php?rest_route=\/wp\/v2\/pages\/666"}],"wp:attachment":[{"href":"https:\/\/musikprojektsachsen.de\/index.php?rest_route=%2Fwp%2Fv2%2Fmedia&parent=528"}],"curies":[{"name":"wp","href":"https:\/\/api.w.org\/{rel}","templated":true}]}}