{"id":495,"date":"2023-12-27T17:18:07","date_gmt":"2023-12-27T17:18:07","guid":{"rendered":"https:\/\/musikprojektsachsen.de\/?page_id=495"},"modified":"2024-09-19T20:20:41","modified_gmt":"2024-09-19T20:20:41","slug":"versus_monteverdi","status":"publish","type":"page","link":"https:\/\/musikprojektsachsen.de\/?page_id=495","title":{"rendered":"Versus_Monteverdi 2017"},"content":{"rendered":"\n<figure class=\"wp-block-image size-full\"><a href=\"https:\/\/musikprojektsachsen.de\/wp-content\/uploads\/2023\/12\/Plakat2-1024x651-1.png\"><img loading=\"lazy\" decoding=\"async\" width=\"1024\" height=\"651\" src=\"https:\/\/musikprojektsachsen.de\/wp-content\/uploads\/2023\/12\/Plakat2-1024x651-1.png\" alt=\"\" class=\"wp-image-520\" srcset=\"https:\/\/musikprojektsachsen.de\/wp-content\/uploads\/2023\/12\/Plakat2-1024x651-1.png 1024w, https:\/\/musikprojektsachsen.de\/wp-content\/uploads\/2023\/12\/Plakat2-1024x651-1-300x191.png 300w, https:\/\/musikprojektsachsen.de\/wp-content\/uploads\/2023\/12\/Plakat2-1024x651-1-768x488.png 768w\" sizes=\"(max-width: 1024px) 100vw, 1024px\" \/><\/a><\/figure>\n\n\n\n<p class=\"has-text-align-center\">Kooperationsprojekt MusikProjektSachsen e. V. mit hochdruckpartner Galerie+Werkstatt<\/p>\n\n\n\n<p class=\"has-medium-font-size\"><strong>10.11.17<\/strong><strong> Konzert<\/strong> 1<\/p>\n\n\n\n<p>Claudio Monteverdi (1567 &#8211; 1643): Toccata aus L\u00b4Orfeo (1607)<\/p>\n\n\n\n<p>Claudio Monteverdi: Damigella tutta bella aus Scherzi Musicali (1607)<\/p>\n\n\n\n<p>Sarvenaz Safari (*1984): &#8222;As&#8220; you like it (2017) Urauff\u00fchrung<\/p>\n\n\n\n<p>Biagio Marini (1594 &#8211; 1663): La Bocca &#8211; La Zorzi &#8211; La Bemba &#8211; La Zoppa aus Affeti musicali op. 1 (1617)<\/p>\n\n\n\n<p>Krystoffer Dreps (*1982): L\u2019RF f\u00fcr Live Elektronik\/DJ, zwei Stimmen und Trompete (2017) Urauff\u00fchrung<\/p>\n\n\n\n<p>Salomone Rossi (c.1570-1630): Sonata in dialogo Detta la Viena aus Il terzo libro de varie sonate (1623)<\/p>\n\n\n\n<p>Claudio Monteverdi: Zefiro Torna e di Soavi Accenti aus Scherzi musicali (1632)<\/p>\n\n\n\n<p><strong>Ausf\u00fchrende<\/strong>: Fabienne Ha\u00dfl\u00f6wer, Annika Steinbach &#8211; Sopran, Friederike Lehnert, Pawe\u0142 Miczka &#8211; Violine, Arve Stavran &#8211; Cembalo, Felix G\u00f6rg &#8211; Violone und musikalische Leitung, Krystoffer Dreps &#8211; Live Elektronik, Trompete<\/p>\n\n\n\n<p class=\"has-medium-font-size\"><strong>Vernissage<\/strong><\/p>\n\n\n\n<p><strong>&nbsp;&nbsp;&nbsp;&nbsp;&nbsp;&nbsp; Hochdrucke <\/strong>von Franca Bartholom\u00e4i, Bettina Haller, Susann Hoch, Andrea Lange, Akos Novaky, Gabriele Sperlich und Susanne Werdin<\/p>\n\n\n\n<p class=\"has-medium-font-size\"><strong>15.12.17<\/strong><strong> Konzert 2<\/strong><\/p>\n\n\n\n<p>Im Wechsel mit den neuen Kompositionen erklingen Ausschnitte aus Claudio Monteverdi (1567 &#8211; 1643): Ballatto (De la Bellezza le dovute lodi)<\/p>\n\n\n\n<p>Claudio Monteverdi: entrada<\/p>\n\n\n\n<p>Steffen Reinhold (*1967): <a href=\"https:\/\/steffenreinhold.de\/komposition\/madrigal\/\">Madrigal<\/a> f\u00fcr Fl\u00f6te, Klarinette und Streichtrio (2017) Urauff\u00fchrung<\/p>\n\n\n\n<p>Claudio Monteverdi: allegro, in tre<\/p>\n\n\n\n<p>Knut M\u00fcller (1963*): ECLISSI f\u00fcr Streichtrio (2017) Urauff\u00fchrung<\/p>\n\n\n\n<p>Claudio Monteverdi: allegretto, in due<\/p>\n\n\n\n<p>Christian FP Kram (*1968): Orfeo &#8211; Frammenti e supplementi f\u00fcr Bassfl\u00f6te, (Bass-) Klarinette und Streichtrio (2017) Urauff\u00fchrung<\/p>\n\n\n\n<p>Claudio Monteverdi: allegro moderato<\/p>\n\n\n\n<p>Steffen Reinhold: <a href=\"https:\/\/steffenreinhold.de\/komposition\/echoes-of-staffa\/\">Echoes of Staffa<\/a> f\u00fcr Bassklarinette und Violoncello (2010)<\/p>\n\n\n\n<p><strong>Ensemble El Perro Andaluz<\/strong>: Janosch Armer &#8211; Violine, Emily Yabe &#8211; Viola, Nadezhda Krasnovid &#8211; Violoncello, Ruth Pereira Medina &#8211; Fl\u00f6te, Albrecht Scharnweber &#8211; Klarinette<\/p>\n\n\n\n<p><strong>Ausstellung<\/strong> mit Hochdrucken von Franca Bartholom\u00e4i, Bettina Haller, Susann Hoch, Andrea Lange, Akos Novaky, Gabriele Sperlich und Susanne Werdin<\/p>\n","protected":false},"excerpt":{"rendered":"<p>Kooperationsprojekt MusikProjektSachsen e. V. mit hochdruckpartner Galerie+Werkstatt 10.11.17 Konzert 1 Claudio Monteverdi (1567 &#8211; 1643): Toccata aus L\u00b4Orfeo (1607) Claudio Monteverdi: Damigella tutta bella aus Scherzi Musicali (1607) Sarvenaz Safari (*1984): &#8222;As&#8220; you like it (2017) Urauff\u00fchrung Biagio Marini (1594 &#8211; 1663): La Bocca &#8211; La Zorzi &#8211; La Bemba &#8211; La Zoppa aus Affeti [&hellip;]<\/p>\n","protected":false},"author":1,"featured_media":0,"parent":658,"menu_order":0,"comment_status":"closed","ping_status":"closed","template":"","meta":{"footnotes":""},"_links":{"self":[{"href":"https:\/\/musikprojektsachsen.de\/index.php?rest_route=\/wp\/v2\/pages\/495"}],"collection":[{"href":"https:\/\/musikprojektsachsen.de\/index.php?rest_route=\/wp\/v2\/pages"}],"about":[{"href":"https:\/\/musikprojektsachsen.de\/index.php?rest_route=\/wp\/v2\/types\/page"}],"author":[{"embeddable":true,"href":"https:\/\/musikprojektsachsen.de\/index.php?rest_route=\/wp\/v2\/users\/1"}],"replies":[{"embeddable":true,"href":"https:\/\/musikprojektsachsen.de\/index.php?rest_route=%2Fwp%2Fv2%2Fcomments&post=495"}],"version-history":[{"count":12,"href":"https:\/\/musikprojektsachsen.de\/index.php?rest_route=\/wp\/v2\/pages\/495\/revisions"}],"predecessor-version":[{"id":731,"href":"https:\/\/musikprojektsachsen.de\/index.php?rest_route=\/wp\/v2\/pages\/495\/revisions\/731"}],"up":[{"embeddable":true,"href":"https:\/\/musikprojektsachsen.de\/index.php?rest_route=\/wp\/v2\/pages\/658"}],"wp:attachment":[{"href":"https:\/\/musikprojektsachsen.de\/index.php?rest_route=%2Fwp%2Fv2%2Fmedia&parent=495"}],"curies":[{"name":"wp","href":"https:\/\/api.w.org\/{rel}","templated":true}]}}