{"id":254,"date":"2014-10-14T19:00:39","date_gmt":"2014-10-14T19:00:39","guid":{"rendered":"http:\/\/musikprojektsachsen.de\/wordpress\/?page_id=254"},"modified":"2024-09-22T19:17:31","modified_gmt":"2024-09-22T19:17:31","slug":"neue-musik-im-dialog-2014","status":"publish","type":"page","link":"https:\/\/musikprojektsachsen.de\/?page_id=254","title":{"rendered":"Neue Musik im Dialog 2014"},"content":{"rendered":"<p style=\"text-align: center;\"><a href=\"https:\/\/musikprojektsachsen.de\/wp-content\/uploads\/2014\/10\/dialog.jpg\"><img loading=\"lazy\" decoding=\"async\" class=\"alignnone size-medium wp-image-272\" src=\"https:\/\/musikprojektsachsen.de\/wp-content\/uploads\/2014\/10\/dialog-212x300.jpg\" alt=\"dialog\" width=\"212\" height=\"300\" srcset=\"https:\/\/musikprojektsachsen.de\/wp-content\/uploads\/2014\/10\/dialog-212x300.jpg 212w, https:\/\/musikprojektsachsen.de\/wp-content\/uploads\/2014\/10\/dialog-724x1024.jpg 724w, https:\/\/musikprojektsachsen.de\/wp-content\/uploads\/2014\/10\/dialog.jpg 1754w\" sizes=\"(max-width: 212px) 100vw, 212px\" \/><\/a><\/p>\n<p style=\"text-align: center;\"><strong>Gespr\u00e4chskonzerte mit dem <\/strong><br \/>\n<a href=\"https:\/\/www.ensemble-dix.de\/deutsch\/home.html\"><strong>ensemble diX<\/strong><\/a><\/p>\n<p>Im Herbst 2014 veranstaltet der Verein \u201eMusikProjektSachsen e. V.\u201c in Kooperation mit dem &#8222;<a href=\"http:\/\/via-nova-ev.de\/\">via nova<\/a> &#8211; zeitgen\u00f6ssische Musik in Th\u00fcringen e. V.&#8220; eine Konzertserie mit dem Ensemble diX aus Gera. Das renommierte Holzbl\u00e4serquartett pr\u00e4sentiert zeitgen\u00f6ssische Musik von s\u00e4chsischen und th\u00fcringischen Komponisten. Der Musikwissenschaftler Prof. Christoph Sramek, ein profunder Kenner Neuer Musik, wird als erfahrener Moderator und Musikvermittler in die Kompositionen einf\u00fchren, dabei auch die Musiker und anwesenden Komponisten einbeziehen. Die aufgelockerte Atmosph\u00e4re erm\u00f6glicht auch Konzertbesuchern, die sich nicht in der Szene der Neuen Musik zu Hause f\u00fchlen, einen Zugang zu zeitgen\u00f6ssischen Kl\u00e4ngen zu finden.<br \/>\nIm Anschluss an die Konzerte wird es auch f\u00fcr das Publikum die M\u00f6glichkeit geben, mit den Musikern und Komponisten weiter ins Gespr\u00e4ch zu kommen.<\/p>\n<p><a href=\"https:\/\/musikprojektsachsen.de\/wp-content\/uploads\/2014\/10\/ensemble-diX-2.jpg\"><img loading=\"lazy\" decoding=\"async\" class=\"size-medium wp-image-257 aligncenter\" src=\"https:\/\/musikprojektsachsen.de\/wp-content\/uploads\/2014\/10\/ensemble-diX-2-300x207.jpg\" alt=\"Neue Musik im Dialog 2014\" width=\"300\" height=\"207\" srcset=\"https:\/\/musikprojektsachsen.de\/wp-content\/uploads\/2014\/10\/ensemble-diX-2-300x207.jpg 300w, https:\/\/musikprojektsachsen.de\/wp-content\/uploads\/2014\/10\/ensemble-diX-2-1024x709.jpg 1024w\" sizes=\"(max-width: 300px) 100vw, 300px\" \/><\/a><\/p>\n<p><strong>Konzerte:<\/strong><\/p>\n<ul>\n<li>Freitag, 17.10.2014, 19.30 Uhr in Jena, K\u00fcnstlerische Abendschule, Sophienstr. 18<\/li>\n<li>Freitag, 07.11.2014, 19.30 Uhr in Leipzig, Galerie Hoch und Partner, L\u00fctzner Str. 91, Tapetenwerk<\/li>\n<li>Samstag, 08.11.2014, 17 Uhr, in Schmalkalden, Kunsthaus am Markt, Altmarkt 8<\/li>\n<li>Sonntag, 09.11.2014, 17 Uhr in Dresden, Heinrich-Sch\u00fctz-Konservatorium, Glacisstr. 30\/32<\/li>\n<\/ul>\n<p><strong>Programm:<\/strong><br \/>\nMax Wutzler \u2013 Fanfare (2014) Urauff\u00fchrung<br \/>\nJohannes Hildebrandt \u2013 Kabel (2013)<br \/>\nChristian FP Kram \u00a0&#8211; the far way home (2013\/14) Urauff\u00fchrung<br \/>\nRolf Thomas Lorenz &#8211; Nocturne I \u2013 III (2011)<br \/>\nSteffen Reinhold \u00a0&#8211; <a href=\"https:\/\/steffenreinhold.de\/komposition\/johns-spinning-room\/\">John&#8217;s Spinning Room<\/a> (2011\/14)<br \/>\nPeter Helmut Lang \u2013 Vanitas (2011)<\/p>\n<p><strong>ensemble diX<\/strong><br \/>\nAndreas Knoop &#8211; Fl\u00f6te<br \/>\nAlbrecht Pinquart &#8211; Oboe<br \/>\nHendrik Schn\u00f6ke &#8211; Klarinette<br \/>\nRoland Schulenburg &#8211; Fagott<\/p>\n","protected":false},"excerpt":{"rendered":"<p>Gespr\u00e4chskonzerte mit dem ensemble diX Im Herbst 2014 veranstaltet der Verein \u201eMusikProjektSachsen e. V.\u201c in Kooperation mit dem &#8222;via nova &#8211; zeitgen\u00f6ssische Musik in Th\u00fcringen e. V.&#8220; eine Konzertserie mit dem Ensemble diX aus Gera. Das renommierte Holzbl\u00e4serquartett pr\u00e4sentiert zeitgen\u00f6ssische Musik von s\u00e4chsischen und th\u00fcringischen Komponisten. Der Musikwissenschaftler Prof. Christoph Sramek, ein profunder Kenner Neuer [&hellip;]<\/p>\n","protected":false},"author":1,"featured_media":0,"parent":658,"menu_order":0,"comment_status":"closed","ping_status":"closed","template":"","meta":{"footnotes":""},"_links":{"self":[{"href":"https:\/\/musikprojektsachsen.de\/index.php?rest_route=\/wp\/v2\/pages\/254"}],"collection":[{"href":"https:\/\/musikprojektsachsen.de\/index.php?rest_route=\/wp\/v2\/pages"}],"about":[{"href":"https:\/\/musikprojektsachsen.de\/index.php?rest_route=\/wp\/v2\/types\/page"}],"author":[{"embeddable":true,"href":"https:\/\/musikprojektsachsen.de\/index.php?rest_route=\/wp\/v2\/users\/1"}],"replies":[{"embeddable":true,"href":"https:\/\/musikprojektsachsen.de\/index.php?rest_route=%2Fwp%2Fv2%2Fcomments&post=254"}],"version-history":[{"count":14,"href":"https:\/\/musikprojektsachsen.de\/index.php?rest_route=\/wp\/v2\/pages\/254\/revisions"}],"predecessor-version":[{"id":736,"href":"https:\/\/musikprojektsachsen.de\/index.php?rest_route=\/wp\/v2\/pages\/254\/revisions\/736"}],"up":[{"embeddable":true,"href":"https:\/\/musikprojektsachsen.de\/index.php?rest_route=\/wp\/v2\/pages\/658"}],"wp:attachment":[{"href":"https:\/\/musikprojektsachsen.de\/index.php?rest_route=%2Fwp%2Fv2%2Fmedia&parent=254"}],"curies":[{"name":"wp","href":"https:\/\/api.w.org\/{rel}","templated":true}]}}