{"id":120,"date":"2014-09-29T18:38:49","date_gmt":"2014-09-29T18:38:49","guid":{"rendered":"http:\/\/musikprojektsachsen.de\/wordpress\/?page_id=120"},"modified":"2024-10-09T15:27:18","modified_gmt":"2024-10-09T15:27:18","slug":"kompositionswettbewerb-2004","status":"publish","type":"page","link":"https:\/\/musikprojektsachsen.de\/?page_id=120","title":{"rendered":"Kompositionswettbewerb 2004"},"content":{"rendered":"\n<p><strong>3. Kompositionswettbewerb des MusikProjektSachsen e. V.<br>in Kooperation mit dem DTKV LV Sachsen e. V. 2004<\/strong><\/p>\n\n\n\n<p>Zum dritten Mal wurde im Jahr 2004 unter der Schirmherrschaft des Beigeordneten f\u00fcr Kultur der Stadt Leipzig, Herrn Dr. Girardet, der Kompositionswettbewerb <strong>\u201eZeitgen\u00f6ssische Kammermusik f\u00fcr Kinder und Jugendliche\u201c<\/strong> ausgeschrieben. Der internationale Wettbewerb fand unter der Tr\u00e4gerschaft des Vereines MusikProjektSachsen e. V. statt.<br>Wie in der Ausschreibung angemerkt, sollten die eingesandten Kompositionen f\u00fcr Kinder und Jugendliche spielbar und auf den Wettbewerb \u201eJugend musiziert\u201c ausgerichtet sein.<br>Die Jury tagte am 6.09.04 und ermittelte aus den 37 Einsendungen aus der ganzen Welt (Europa, Asien, Nord- und S\u00fcdamerika) folgende Preistr\u00e4ger:<\/p>\n\n\n\n<p><strong>1. Preis: Mei-Ling Lee (Taiwan\/USA)<\/strong> &#8211; Streichquartett<\/p>\n\n\n\n<p><strong>2. Preis: Stefan Beyer (Deutschland)<\/strong> &#8211; Bl\u00e4serquintett<\/p>\n\n\n\n<p><strong>3. Preis: Giovanni Dettori (Italien)<\/strong> &#8211; Klaviertrio &#8222;Ostinato&#8220;<\/p>\n\n\n\n<p>Anerkennende Auszeichnung fand der Liederzyklus von <strong>Jos\u00e9 Minguillon Nieto<\/strong> (Spanien)<\/p>\n\n\n\n<p>Die preisgekr\u00f6nten St\u00fccke wurden von Ensembles der Musikschulen Johann Sebastian Bach (Leipzig) und Heinrich Sch\u00fctz Konservatorium (Dresden) aufgef\u00fchrt, am 5.3.04 in der Musikschule Leipzig (Kurt-Masur-Saal) und am 6.3.04 im Kulturrathaus Dresden (Kleiner Saal).<\/p>\n\n\n\n<p>Neben den ausgezeichneten St\u00fccken kamen Werke der Jurymitglieder zur Auff\u00fchrung, Klaviertrios von Prof. Peter Herrmann und Christian FP Kram (als Auftrag f\u00fcr \u201eJugend musiziert\u201c 2004 komponiert) sowie Teile aus dem f\u00fcr Jugendliche komponierten Klavierzyklus \u201eBlack and white\u201c von Prof. J\u00fcrgen Ulrich. Des Weiteren wurde ein Quartett nach einem Improvisationskonzept von Anne-Kathrin Wagler aufgef\u00fchrt.<br><strong>Ausf\u00fchrende:<\/strong><br>Klaviertrio: Eckehard Schubert \u2013 Klavier, B\u00e9la Lepetit \u2013 Violine, Christoph Schenker \u2013 Violoncello<br>Quartett: Franziska D\u00f6ring &nbsp;\u2013 &nbsp;Klavier, Friedemann Hasse \u2013 Violine, Sarah Hesse \u2013 Violoncello, Konrad Nauck \u2013 Klarinette<\/p>\n\n\n\n<p>Stiftung der Preise: 1. Preis: Leipzig Tourist Service e.V., 2. Preis: Sparkasse Leipzig, 3. Preis: Deutscher Musikrat<\/p>\n\n\n\n<p>Die Konzerte wurden gef\u00f6rdert durch: DTKV-Sachsen e. V., Kulturstiftung des Freistaates Sachsen, Paul Woitschach Stiftung, Stadt Leipzig, Stadt Dresden, Musikschulen Johann Sebastian Bach (Leipzig) und Heinrich Sch\u00fctz Konservatorium (Dresden)<\/p>\n","protected":false},"excerpt":{"rendered":"<p>3. Kompositionswettbewerb des MusikProjektSachsen e. V.in Kooperation mit dem DTKV LV Sachsen e. V. 2004 Zum dritten Mal wurde im Jahr 2004 unter der Schirmherrschaft des Beigeordneten f\u00fcr Kultur der Stadt Leipzig, Herrn Dr. Girardet, der Kompositionswettbewerb \u201eZeitgen\u00f6ssische Kammermusik f\u00fcr Kinder und Jugendliche\u201c ausgeschrieben. Der internationale Wettbewerb fand unter der Tr\u00e4gerschaft des Vereines MusikProjektSachsen e. [&hellip;]<\/p>\n","protected":false},"author":1,"featured_media":0,"parent":658,"menu_order":29,"comment_status":"closed","ping_status":"closed","template":"","meta":{"footnotes":""},"_links":{"self":[{"href":"https:\/\/musikprojektsachsen.de\/index.php?rest_route=\/wp\/v2\/pages\/120"}],"collection":[{"href":"https:\/\/musikprojektsachsen.de\/index.php?rest_route=\/wp\/v2\/pages"}],"about":[{"href":"https:\/\/musikprojektsachsen.de\/index.php?rest_route=\/wp\/v2\/types\/page"}],"author":[{"embeddable":true,"href":"https:\/\/musikprojektsachsen.de\/index.php?rest_route=\/wp\/v2\/users\/1"}],"replies":[{"embeddable":true,"href":"https:\/\/musikprojektsachsen.de\/index.php?rest_route=%2Fwp%2Fv2%2Fcomments&post=120"}],"version-history":[{"count":3,"href":"https:\/\/musikprojektsachsen.de\/index.php?rest_route=\/wp\/v2\/pages\/120\/revisions"}],"predecessor-version":[{"id":804,"href":"https:\/\/musikprojektsachsen.de\/index.php?rest_route=\/wp\/v2\/pages\/120\/revisions\/804"}],"up":[{"embeddable":true,"href":"https:\/\/musikprojektsachsen.de\/index.php?rest_route=\/wp\/v2\/pages\/658"}],"wp:attachment":[{"href":"https:\/\/musikprojektsachsen.de\/index.php?rest_route=%2Fwp%2Fv2%2Fmedia&parent=120"}],"curies":[{"name":"wp","href":"https:\/\/api.w.org\/{rel}","templated":true}]}}